{"id":53,"date":"2016-11-06T13:45:08","date_gmt":"2016-11-06T12:45:08","guid":{"rendered":"http:\/\/www.pixelspiele.de\/schulrhythmus\/?page_id=53"},"modified":"2016-11-08T09:01:14","modified_gmt":"2016-11-08T08:01:14","slug":"arbeitsgruppen","status":"publish","type":"page","link":"https:\/\/www.schulrhythmus.de\/?page_id=53","title":{"rendered":"Arbeitsgruppen"},"content":{"rendered":"<table width=\"100%\" cellspacing=\"10\" cellpadding=\"0\">\n<tbody>\n<tr>\n<td align=\"center\" valign=\"top\" width=\"100px\"><img decoding=\"async\" loading=\"lazy\" class=\"alignleft wp-image-74 size-full\" src=\"https:\/\/www.schulrhythmus.de\/wp-content\/uploads\/2016\/11\/grp-01-1.png\" width=\"96\" height=\"150\" \/><\/td>\n<td style=\"text-align: left;\" valign=\"top\"><strong>I. Kommunikation &amp; \u00d6ffentlichkeitsarbeit<\/strong><\/p>\n<ul>\n<li>Delegations-Marketing zum Erreichen eines m\u00f6glichst breiten R\u00fcckhalts in der Schulgemeinschaft.<\/li>\n<li>Vermittlung von (Zwischen-) Ergebnissen an die Schulgemeinschaft.<\/li>\n<li>Schaffung von Transparenz \u00fcber die Arbeit der Delegation.<br \/>\nAufnehmen von R\u00fcckmeldungen, Anregungen, Sorgen und \u00c4ngste aus der Schulgemeinschaft.<\/li>\n<\/ul>\n<\/td>\n<\/tr>\n<tr>\n<td align=\"center\" valign=\"top\" width=\"100px\"><img decoding=\"async\" loading=\"lazy\" class=\"alignleft wp-image-80 size-full\" src=\"https:\/\/www.schulrhythmus.de\/wp-content\/uploads\/2016\/11\/grp-02.png\" width=\"96\" height=\"150\" \/><\/td>\n<td valign=\"top\"><strong>II. Recherche &amp; Informationen<\/strong><\/p>\n<ul>\n<li>Zusammenstellen von Artikeln, Informationen aus Studien, (wissenschaftlichen) Grundlagen, Erfahrungen anderer Schulen<\/li>\n<\/ul>\n<\/td>\n<\/tr>\n<tr>\n<td align=\"center\" valign=\"top\" width=\"100px\"><img decoding=\"async\" loading=\"lazy\" class=\"alignleft wp-image-81 size-full\" src=\"https:\/\/www.schulrhythmus.de\/wp-content\/uploads\/2016\/11\/grp-03.png\" width=\"96\" height=\"150\" \/><\/td>\n<td valign=\"top\"><strong>III. Schulweg<\/strong><\/p>\n<ul>\n<li>Entwerfen und Durchrechnen von Modellen f\u00fcr Schulwege mit dem \u00d6PNV, Fahrrad, zu Fu\u00df oder per Elterntaxi.<\/li>\n<\/ul>\n<\/td>\n<\/tr>\n<tr>\n<td align=\"center\" valign=\"top\" width=\"100px\"><strong><img decoding=\"async\" loading=\"lazy\" class=\"alignleft wp-image-82 size-full\" src=\"https:\/\/www.schulrhythmus.de\/wp-content\/uploads\/2016\/11\/grp-04.png\" width=\"96\" height=\"150\" \/><\/strong><\/td>\n<td valign=\"top\"><strong>IV. \/ V. Tagesablauf, Unterrichts- &amp; Pausengestaltung<\/strong><\/p>\n<ul>\n<li>Gestaltung der Unterrichtsabfolge (\u00bbWann erfolgt welcher Unterricht?\u00ab).<\/li>\n<li>Zeitliches Planen von Pr\u00fcfungen.<\/li>\n<li>Eruieren der Chancen von fach- und klassen\u00fcbergreifenden Unterrichts.<\/li>\n<li>Erarbeiten neuer Unterrichtsmodelle: s. \u00bboffene Fragen\u00ab in den Umfrageb\u00f6gen.<\/li>\n<li>Einbinden der Fachschaften.<\/li>\n<li>Schaffung gesunder Rahmenbedingungen f\u00fcr Essen und Pausen incl. Ber\u00fccksichtigung sowohl des Fr\u00fchst\u00fccks, der Pausenverpflegung als auch des Mittagessens und Abstimmung mit der K\u00fcche und Organisation der Pausengestaltung.<\/li>\n<li>Ber\u00fccksichtigen der Bed\u00fcrfnisse aus Ganz- und Halbtagsgestaltung.<\/li>\n<\/ul>\n<\/td>\n<\/tr>\n<tr>\n<td align=\"center\" valign=\"top\" width=\"100px\"><strong><img decoding=\"async\" loading=\"lazy\" class=\"alignleft wp-image-83 size-full\" src=\"https:\/\/www.schulrhythmus.de\/wp-content\/uploads\/2016\/11\/grp-06.png\" width=\"96\" height=\"150\" \/><\/strong><\/td>\n<td valign=\"top\"><strong>VI Hort und Fr\u00fchbetreuung<\/strong><\/p>\n<ul>\n<li>Evtl. sinnvolle Anpassung der Hortbetreuung und ggf. Schaffung eines Fr\u00fchhorts.<\/li>\n<\/ul>\n<\/td>\n<\/tr>\n<tr>\n<td align=\"center\" valign=\"top\" width=\"100px\"><strong><img decoding=\"async\" loading=\"lazy\" class=\"alignleft wp-image-84 size-full\" src=\"https:\/\/www.schulrhythmus.de\/wp-content\/uploads\/2016\/11\/grp-07.png\" width=\"96\" height=\"150\" \/><\/strong><\/td>\n<td valign=\"top\"><strong>VII. Auswertung der Umfrage<\/strong><\/p>\n<ul>\n<li>Schaffen einer Arbeitsgrundlage f\u00fcr alle anderen AGs und Auswertung der Umfrage<\/li>\n<\/ul>\n<\/td>\n<\/tr>\n<tr>\n<td align=\"center\" valign=\"top\" width=\"100px\"><img decoding=\"async\" loading=\"lazy\" class=\"alignleft wp-image-85 size-full\" src=\"https:\/\/www.schulrhythmus.de\/wp-content\/uploads\/2016\/11\/grp-08.png\" width=\"96\" height=\"150\" \/><\/td>\n<td valign=\"top\"><strong>VIII. Prozesshygiene<\/strong><\/p>\n<ul>\n<li>Begleitung und Organisation des Vorgehens der Delegation<\/li>\n<\/ul>\n<p>&nbsp;<\/td>\n<\/tr>\n<\/tbody>\n<\/table>\n","protected":false},"excerpt":{"rendered":"<p>I. Kommunikation &amp; \u00d6ffentlichkeitsarbeit Delegations-Marketing zum Erreichen eines m\u00f6glichst breiten R\u00fcckhalts in der Schulgemeinschaft. Vermittlung von (Zwischen-) Ergebnissen an die Schulgemeinschaft. Schaffung von Transparenz \u00fcber die Arbeit der Delegation. Aufnehmen von R\u00fcckmeldungen, Anregungen, Sorgen und \u00c4ngste aus der Schulgemeinschaft. II. Recherche &amp; Informationen Zusammenstellen von Artikeln, Informationen aus Studien, (wissenschaftlichen) Grundlagen, Erfahrungen anderer Schulen III&#8230;.<\/p>\n","protected":false},"author":1,"featured_media":0,"parent":14,"menu_order":2,"comment_status":"closed","ping_status":"closed","template":"fullwidth.php","meta":[],"_links":{"self":[{"href":"https:\/\/www.schulrhythmus.de\/index.php?rest_route=\/wp\/v2\/pages\/53"}],"collection":[{"href":"https:\/\/www.schulrhythmus.de\/index.php?rest_route=\/wp\/v2\/pages"}],"about":[{"href":"https:\/\/www.schulrhythmus.de\/index.php?rest_route=\/wp\/v2\/types\/page"}],"author":[{"embeddable":true,"href":"https:\/\/www.schulrhythmus.de\/index.php?rest_route=\/wp\/v2\/users\/1"}],"replies":[{"embeddable":true,"href":"https:\/\/www.schulrhythmus.de\/index.php?rest_route=%2Fwp%2Fv2%2Fcomments&post=53"}],"version-history":[{"count":29,"href":"https:\/\/www.schulrhythmus.de\/index.php?rest_route=\/wp\/v2\/pages\/53\/revisions"}],"predecessor-version":[{"id":146,"href":"https:\/\/www.schulrhythmus.de\/index.php?rest_route=\/wp\/v2\/pages\/53\/revisions\/146"}],"up":[{"embeddable":true,"href":"https:\/\/www.schulrhythmus.de\/index.php?rest_route=\/wp\/v2\/pages\/14"}],"wp:attachment":[{"href":"https:\/\/www.schulrhythmus.de\/index.php?rest_route=%2Fwp%2Fv2%2Fmedia&parent=53"}],"curies":[{"name":"wp","href":"https:\/\/api.w.org\/{rel}","templated":true}]}}