{"id":292,"date":"2017-09-06T08:25:39","date_gmt":"2017-09-06T06:25:39","guid":{"rendered":"http:\/\/www.schulrhythmus.de\/?page_id=292"},"modified":"2019-03-11T23:52:07","modified_gmt":"2019-03-11T22:52:07","slug":"links","status":"publish","type":"page","link":"https:\/\/www.schulrhythmus.de\/?page_id=292","title":{"rendered":"Links"},"content":{"rendered":"<p>Erg\u00e4nzend zu dieser Webseite gibt es an dieser Stelle weiterf\u00fchrende Links zu erg\u00e4nzenden Informationen rund um den Schulrhythmus:<\/p>\n<h3>\u00c4hnliche Aktivit\u00e4ten an anderen Schulen (mit \u00f6ffentlich verf\u00fcgbaren Informationen dar\u00fcber)<\/h3>\n<ul>\n<li><a href=\"https:\/\/spagat-fws-luebeck.jimdo.com\/\">Spagat<\/a>: Die \u00bb<strong>S<\/strong>chul<strong>p<\/strong>arlament <strong>A<\/strong>rbeits<strong>g<\/strong>ruppe <strong>A<\/strong>nfangszei<strong>t<\/strong>\u00ab der Waldorfschule L\u00fcbeck<\/li>\n<li>\u00bb<a href=\"https:\/\/www.freunde-waldorf.de\/die-freunde\/publikationen\/waldorfpaedagogik-weltweit\/teil-2\/island\/\">Der Unterricht beginnt um 9 Uhr morgens und endet um 15 Uhr.<\/a>\u00ab (\u00bbWaldorfp\u00e4dagogik weltweit\u00ab \u00fcber isl\u00e4ndische Schulen)<\/li>\n<\/ul>\n<h3>Artikel und Studien<\/h3>\n<ul>\n<li>Paul Munzinger: <a href=\"https:\/\/www.sueddeutsche.de\/bildung\/schule-zeitumstellung-sommerzeit-1.4359403\">Nur noch f\u00fcnf Minuten<\/a> (SZ vom 10. M\u00e4rz 2019 aus Anlass der geplanten Abschaffung der Zeitumstellungen)<\/li>\n<p>.<\/p>\n<li>Gideon P. Dunster et al.: <a href=\"http:\/\/advances.sciencemag.org\/content\/4\/12\/eaau6200\">Sleepmore in Seattle: Later school start times are associated with more sleep and better performance in high school students<\/a> (Science Advances, 12. Dezember 2018).<br \/>Kurzfassung: Sp\u00e4terer Schulanfang sorgt f\u00fcr l\u00e4ngeren Schlaf, bessere Noten und ein gerechteres Schulsystem. Ein Unterrichtsbeginn um 8.45 Uhr statt um 7.50 Uhr hat bei einem Modellprojekt in Seattle zu rund f\u00fcnf Prozent besseren Noten gef\u00fchrt.<\/li>\n<li>Swantje Unterberg: <a href=\"http:\/\/www.spiegel.de\/lebenundlernen\/schule\/unterrichtsbeginn-schueler-profitieren-von-spaeterer-anfangszeit-studie-a-1243412.html\">Sch\u00fcler profitieren von sp\u00e4terer Anfangszeit<\/a> (Spiegel online, 12. Dezember 2018)<\/li>\n<li>Maren Urner &amp; Katharina L\u00fcth: <a href=\"https:\/\/perspective-daily.de\/article\/438\/6khX2rqQ\">So hat der fr\u00fche Wecker dir geschadet<\/a> (Perspective Daily, 17. Januar 2018)<\/li>\n<li>Dagny L\u00fcdemann &amp; Sven Stockrahm: <a href=\"http:\/\/www.zeit.de\/wissen\/gesundheit\/2017-10\/nobelpreis-innere-uhr-chronobiologie-biologische-uhr-medizin-jeff-hall-michael-young-michael-rosbash\/komplettansicht\">Tick, tack, tick, tack\u2026<\/a> (Die ZEIT, 2. Oktober 2017)<\/li>\n<li><a href=\"http:\/\/www.tagesschau.de\/ausland\/nobelpreis-medizin-123.html\">Wie die innere Uhr tickt<\/a> (Tagesschau vom 2. Oktober 2017 anl\u00e4sslich der Vergabe des Nobelpreises f\u00fcr Medizin an Chronobiologen)<\/li>\n<li>Matthias Kaufmann im Gespr\u00e4ch mit Wilfried Bock: <a href=\"http:\/\/www.spiegel.de\/lebenundlernen\/schule\/alsdorf-gymnasium-testet-gleitzeit-fuer-schueler-a-1082875.html\">Gymnasium testet Gleitzeit f\u00fcr Sch\u00fcler<\/a> (SPIEGEL Online, 18. M\u00e4rz 2016)<\/li>\n<\/ul>\n<h3>Filme<\/h3>\n<p><iframe loading=\"lazy\" src=\"http:\/\/www.tagesschau.de\/multimedia\/video\/video-333459~player_branded-true.html\" width=\"800px\" height=\"450px\" frameborder=\"0\" allowfullscreen=\"allowfullscreen\" data-mce-fragment=\"1\"><\/iframe><br \/>\n(<a href=\"http:\/\/www.tagesschau.de\/ausland\/nobelpreis-bekanntgabe-101.html\">Beitrag der Tagesschau<\/a> anl\u00e4sslich der Vergabe des <a href=\"\/?p=326\">Nobelpreises f\u00fcr Medizin 2017<\/a> an Chronobiologen)<\/p>\n<div style=\"max-width:854px\">\n<div style=\"position:relative;height:0;padding-bottom:56.25%\"><iframe loading=\"lazy\" src=\"https:\/\/embed.ted.com\/talks\/wendy_troxel_why_school_should_start_later_for_teens\" width=\"854\" height=\"480\" style=\"position:absolute;left:0;top:0;width:100%;height:100%\" frameborder=\"0\" scrolling=\"no\" allowfullscreen><\/iframe><\/div>\n<\/div>\n<p>(<a href=\"https:\/\/www.ted.com\/talks\/wendy_troxel_why_school_should_start_later_for_teens\">Why school should start later for teens<\/a> von Wendy Troxel bei der TEDxManhattanBeach im November 2016)<\/p>\n","protected":false},"excerpt":{"rendered":"<p>Erg\u00e4nzend zu dieser Webseite gibt es an dieser Stelle weiterf\u00fchrende Links zu erg\u00e4nzenden Informationen rund um den Schulrhythmus: \u00c4hnliche Aktivit\u00e4ten an anderen Schulen (mit \u00f6ffentlich verf\u00fcgbaren Informationen dar\u00fcber) Spagat: Die \u00bbSchulparlament Arbeitsgruppe Anfangszeit\u00ab der Waldorfschule L\u00fcbeck \u00bbDer Unterricht beginnt um 9 Uhr morgens und endet um 15 Uhr.\u00ab (\u00bbWaldorfp\u00e4dagogik weltweit\u00ab \u00fcber isl\u00e4ndische Schulen) Artikel und&#8230;<\/p>\n","protected":false},"author":1,"featured_media":0,"parent":0,"menu_order":0,"comment_status":"closed","ping_status":"closed","template":"","meta":[],"_links":{"self":[{"href":"https:\/\/www.schulrhythmus.de\/index.php?rest_route=\/wp\/v2\/pages\/292"}],"collection":[{"href":"https:\/\/www.schulrhythmus.de\/index.php?rest_route=\/wp\/v2\/pages"}],"about":[{"href":"https:\/\/www.schulrhythmus.de\/index.php?rest_route=\/wp\/v2\/types\/page"}],"author":[{"embeddable":true,"href":"https:\/\/www.schulrhythmus.de\/index.php?rest_route=\/wp\/v2\/users\/1"}],"replies":[{"embeddable":true,"href":"https:\/\/www.schulrhythmus.de\/index.php?rest_route=%2Fwp%2Fv2%2Fcomments&post=292"}],"version-history":[{"count":10,"href":"https:\/\/www.schulrhythmus.de\/index.php?rest_route=\/wp\/v2\/pages\/292\/revisions"}],"predecessor-version":[{"id":438,"href":"https:\/\/www.schulrhythmus.de\/index.php?rest_route=\/wp\/v2\/pages\/292\/revisions\/438"}],"wp:attachment":[{"href":"https:\/\/www.schulrhythmus.de\/index.php?rest_route=%2Fwp%2Fv2%2Fmedia&parent=292"}],"curies":[{"name":"wp","href":"https:\/\/api.w.org\/{rel}","templated":true}]}}