{"id":19,"date":"2016-11-06T11:20:05","date_gmt":"2016-11-06T10:20:05","guid":{"rendered":"http:\/\/www.pixelspiele.de\/schulrhythmus\/?page_id=19"},"modified":"2020-08-11T09:41:10","modified_gmt":"2020-08-11T07:41:10","slug":"startseite-willkommen","status":"publish","type":"page","link":"https:\/\/www.schulrhythmus.de\/","title":{"rendered":"Willkommen"},"content":{"rendered":"<p>Herzlich Willkommen auf den Informationsseiten der Delegation Schulrhythmus.<\/p>\n<p>Auf diesen Seiten m\u00f6chten wir \u00fcber den aktuellen Arbeitsstand unserer Delegation informieren. Wir sind mit einem <a href=\"\/?page_id=14\">Auftrag<\/a> gestartet und \u00fcber das Men\u00fc oben sind sowohl aktuelle <a href=\"\/?page_id=22\">Neuigkeiten<\/a>, bisher erschienene <a href=\"\/?cat=6\">Einblick-Artikel<\/a>, sowie <a href=\"\/?cat=9\">Fragen<\/a> (samt Antworten) und <a href=\"\/?cat=4\">Hintergrundwissen<\/a> zug\u00e4ngig.<\/p>\n<p>Erg\u00e4nzende <a href=\"\/?p=354\">Infos zum Gesamtkonzept gibt es hier<\/a> ebenso wie die <a href=\"\/?p=225\">Darstellung des Entstehungsprozesses der Delegation<\/a> und Beitr\u00e4ge, Berichte und Informationen zu <a href=\"\/?cat=4\">Hintergrundwissen<\/a>.<\/p>\n<p>Die Anmeldungen zur Fr\u00fchbetreuung <a href=\"\/?p=427\">sind u.a. hier verf\u00fcgbar<\/a>.<\/p>\n<h2>Detaillierte Ergebnis der Abschlu\u00dfumfrage:<\/h2>\n<p><a href=\"https:\/\/www.schulrhythmus.de\/wp-content\/uploads\/2020\/08\/ELB-Waldorfschule-KA-2020-Bericht-20-02-20.pdf\" target=\"_blank\" rel=\"noopener noreferrer\">ELB-Waldorfschule-KA-2020-Bericht-20-02-20<\/a><\/p>\n","protected":false},"excerpt":{"rendered":"<p>Herzlich Willkommen auf den Informationsseiten der Delegation Schulrhythmus. Auf diesen Seiten m\u00f6chten wir \u00fcber den aktuellen Arbeitsstand unserer Delegation informieren. Wir sind mit einem Auftrag gestartet und \u00fcber das Men\u00fc oben sind sowohl aktuelle Neuigkeiten, bisher erschienene Einblick-Artikel, sowie Fragen (samt Antworten) und Hintergrundwissen zug\u00e4ngig. Erg\u00e4nzende Infos zum Gesamtkonzept gibt es hier ebenso wie die&#8230;<\/p>\n","protected":false},"author":1,"featured_media":0,"parent":0,"menu_order":1,"comment_status":"closed","ping_status":"closed","template":"fullwidth.php","meta":[],"_links":{"self":[{"href":"https:\/\/www.schulrhythmus.de\/index.php?rest_route=\/wp\/v2\/pages\/19"}],"collection":[{"href":"https:\/\/www.schulrhythmus.de\/index.php?rest_route=\/wp\/v2\/pages"}],"about":[{"href":"https:\/\/www.schulrhythmus.de\/index.php?rest_route=\/wp\/v2\/types\/page"}],"author":[{"embeddable":true,"href":"https:\/\/www.schulrhythmus.de\/index.php?rest_route=\/wp\/v2\/users\/1"}],"replies":[{"embeddable":true,"href":"https:\/\/www.schulrhythmus.de\/index.php?rest_route=%2Fwp%2Fv2%2Fcomments&post=19"}],"version-history":[{"count":33,"href":"https:\/\/www.schulrhythmus.de\/index.php?rest_route=\/wp\/v2\/pages\/19\/revisions"}],"predecessor-version":[{"id":458,"href":"https:\/\/www.schulrhythmus.de\/index.php?rest_route=\/wp\/v2\/pages\/19\/revisions\/458"}],"wp:attachment":[{"href":"https:\/\/www.schulrhythmus.de\/index.php?rest_route=%2Fwp%2Fv2%2Fmedia&parent=19"}],"curies":[{"name":"wp","href":"https:\/\/api.w.org\/{rel}","templated":true}]}}